{"id":6661,"date":"2017-11-09T16:50:59","date_gmt":"2017-11-09T21:50:59","guid":{"rendered":"https:\/\/groupecfc.com\/about\/"},"modified":"2022-04-13T21:50:37","modified_gmt":"2022-04-14T01:50:37","slug":"about","status":"publish","type":"page","link":"https:\/\/groupecfc.com\/en\/about\/","title":{"rendered":"About"},"content":{"rendered":"<div class=\"wpb-content-wrapper\"><p>[vc_row us_bg_video=&#8221;0&#8243; css=&#8221;.vc_custom_1457126824476{margin-bottom: 0px !important;border-bottom-width: 0px !important;padding-top: 20px !important;padding-bottom: 0px !important;}&#8221;][vc_column css=&#8221;.vc_custom_1457126498071{margin-bottom: 0px !important;border-bottom-width: 0px !important;padding-bottom: 0px !important;}&#8221;][vc_column_text]<\/p>\n<h1 class=\"f-bold\">The CFC experience<\/h1>\n<p>[\/vc_column_text][vc_column_text el_class=&#8221;intro&#8221;]Humans are at the heart of our corporate mission. We work to develop and shape the leaders and teams of the future: human, authentic, brave, influential, productive, creative. We use our know-how to help you with your current managerial challenges and drive you to build more flexible companies that are adapted to future trends.[\/vc_column_text][\/vc_column][\/vc_row][vc_row css=&#8221;.vc_custom_1488812268158{margin-top: -20px !important;}&#8221;][vc_column width=&#8221;1\/2&#8243;][vc_column_text]<\/p>\n<h2>What drives us<\/h2>\n<p>Applying the same energy and passion for more than 50 years, the CFC team comes together with one vision in mind: to be the preferred firm for major Qu\u00e9bec and Canadian organizations and SMEs in terms of management, leadership and human resources. Inspired by the development of organizations and the human behaviours seen in companies, we have a thirst for knowledge, development and innovation.[\/vc_column_text][vc_empty_space height=&#8221;15px&#8221;][vc_column_text el_class=&#8221;intro&#8221;]At CFC, we build on the energy that emerges from our assignments with you: your unique realities\u00a0<span style=\"color: #193780; font-size: 18px; font-weight: 800;\">+<\/span>\u00a0our ideas <span style=\"color: #193780; font-size: 18px; font-weight: 800;\">+<\/span>\u00a0your courage\u00a0<span style=\"color: #193780; font-size: 18px; font-weight: 800;\">+<\/span> our desire to always do better.[\/vc_column_text][vc_empty_space height=&#8221;20px&#8221;][\/vc_column][vc_column width=&#8221;1\/2&#8243;][vc_column_text]<\/p>\n<h2>What drives our teams strength<\/h2>\n<p>CFC Group combines its strengths and expertise to those of preferred partners in order to bring you a highly complementary skills development approach platform.<\/p>\n<p>We choose to team up with:<\/p>\n<ul>\n<li><strong><a href=\"http:\/\/www.versalys.com\" target=\"_blank\" rel=\"noopener noreferrer\">Versalys<\/a><\/strong>, with more than 35\u00a0years in IT and office automation training<\/li>\n<li><strong><a href=\"http:\/\/www.documens.net\/\" target=\"_blank\" rel=\"noopener noreferrer\">Documens<\/a><\/strong>, enabling us to offer high-quality bilingual contents for all of our products.<\/li>\n<\/ul>\n<p>In combining our strengths, we allow our teams to collaborate, create and draw inspiration from various expertise and offer you the most comprehensive service on the market.[\/vc_column_text][\/vc_column][\/vc_row][vc_row css=&#8221;.vc_custom_1488812281909{margin-top: -20px !important;}&#8221;][vc_column width=&#8221;1\/2&#8243;][vc_column_text]<\/p>\n<h2>How we stand out<\/h2>\n<p>To create meaning, develop full potentials and evolve in the current environment, we have what you need based on your organization&#8217;s unique context: training, coaching, consulting service, courses, hybrid formulas, collaborative-approach workshops, e-learning, new learning platforms.<\/p>\n<p>CFC Group has all the development tools at your disposal. We are the vector of knowledge and performance for your company, directors, managers and employees.[\/vc_column_text][vc_empty_space height=&#8221;20px&#8221;][\/vc_column][vc_column width=&#8221;1\/2&#8243;][vc_column_text]<\/p>\n<h2>What guides us<\/h2>\n<ul>\n<li>Offering interventions adapted to and in line with your needs and reality.<\/li>\n<li>Being aware of innovative development trends, integrating them to our training courses and increasing their impact.<\/li>\n<li>Creating hybrid products and interventions that combine more traditional methods, technologies and emerging approaches in people and organizational development.<\/li>\n<li>Promoting all expressions and forms of coaching.<\/li>\n<li>Measuring the impact of our interventions to show their value.<\/li>\n<\/ul>\n<p>[\/vc_column_text][\/vc_column][\/vc_row][vc_row][vc_column][vc_empty_space][\/vc_column][\/vc_row]<\/p>\n<\/div>","protected":false},"excerpt":{"rendered":"<p>[vc_row us_bg_video=&#8221;0&#8243; css=&#8221;.vc_custom_1457126824476{margin-bottom: 0px !important;border-bottom-width: 0px !important;padding-top: 20px !important;padding-bottom: 0px !important;}&#8221;][vc_column css=&#8221;.vc_custom_1457126498071{margin-bottom: 0px !important;border-bottom-width: 0px !important;padding-bottom: 0px !important;}&#8221;][vc_column_text] The CFC experience [\/vc_column_text][vc_column_text el_class=&#8221;intro&#8221;]Humans are at the heart of our corporate mission. We work to develop and shape the leaders and teams of the future: human, authentic, brave, influential, productive, creative. We use our know-how to&hellip;<\/p>\n","protected":false},"author":1,"featured_media":0,"parent":0,"menu_order":0,"comment_status":"closed","ping_status":"closed","template":"","meta":{"_acf_changed":false,"footnotes":""},"class_list":["post-6661","page","type-page","status-publish","hentry","description-off"],"acf":[],"yoast_head":"<!-- This site is optimized with the Yoast SEO plugin v26.9 - https:\/\/yoast.com\/product\/yoast-seo-wordpress\/ -->\n<title>Votre ressource en formation, conseil et accompagnement | Groupe CFC<\/title>\n<meta name=\"description\" content=\"Groupe CFC vous permet d\u2019optimiser les comp\u00e9tences de vos \u00e9quipes au Qu\u00e9bec : accompagnement-coaching, conseil, formations en classe, e-learning ou sur mesure.\" \/>\n<meta name=\"robots\" content=\"index, follow, max-snippet:-1, max-image-preview:large, max-video-preview:-1\" \/>\n<link rel=\"canonical\" href=\"http:\/\/groupecfc.com\/a-propos\/\" \/>\n<meta property=\"og:locale\" content=\"en_US\" \/>\n<meta property=\"og:type\" content=\"article\" \/>\n<meta property=\"og:title\" content=\"Votre ressource en formation, conseil et accompagnement | Groupe CFC\" \/>\n<meta property=\"og:description\" content=\"Groupe CFC vous permet d\u2019optimiser les comp\u00e9tences de vos \u00e9quipes au Qu\u00e9bec : accompagnement-coaching, conseil, formations en classe, e-learning ou sur mesure.\" \/>\n<meta property=\"og:url\" content=\"http:\/\/groupecfc.com\/a-propos\/\" \/>\n<meta property=\"og:site_name\" content=\"Groupe CFC\" \/>\n<meta property=\"article:modified_time\" content=\"2022-04-14T01:50:37+00:00\" \/>\n<meta name=\"twitter:card\" content=\"summary_large_image\" \/>\n<meta name=\"twitter:label1\" content=\"Est. reading time\" \/>\n\t<meta name=\"twitter:data1\" content=\"3 minutes\" \/>\n<script type=\"application\/ld+json\" class=\"yoast-schema-graph\">{\"@context\":\"https:\/\/schema.org\",\"@graph\":[{\"@type\":\"WebPage\",\"@id\":\"http:\/\/groupecfc.com\/a-propos\/\",\"url\":\"http:\/\/groupecfc.com\/a-propos\/\",\"name\":\"Votre ressource en formation, conseil et accompagnement | Groupe CFC\",\"isPartOf\":{\"@id\":\"https:\/\/groupecfc.com\/#website\"},\"datePublished\":\"2017-11-09T21:50:59+00:00\",\"dateModified\":\"2022-04-14T01:50:37+00:00\",\"description\":\"Groupe CFC vous permet d\u2019optimiser les comp\u00e9tences de vos \u00e9quipes au Qu\u00e9bec : accompagnement-coaching, conseil, formations en classe, e-learning ou sur mesure.\",\"breadcrumb\":{\"@id\":\"http:\/\/groupecfc.com\/a-propos\/#breadcrumb\"},\"inLanguage\":\"en-CA\",\"potentialAction\":[{\"@type\":\"ReadAction\",\"target\":[\"http:\/\/groupecfc.com\/a-propos\/\"]}]},{\"@type\":\"BreadcrumbList\",\"@id\":\"http:\/\/groupecfc.com\/a-propos\/#breadcrumb\",\"itemListElement\":[{\"@type\":\"ListItem\",\"position\":1,\"name\":\"Accueil\",\"item\":\"https:\/\/groupecfc.com\/en\/\"},{\"@type\":\"ListItem\",\"position\":2,\"name\":\"About\"}]},{\"@type\":\"WebSite\",\"@id\":\"https:\/\/groupecfc.com\/#website\",\"url\":\"https:\/\/groupecfc.com\/\",\"name\":\"Groupe CFC\",\"description\":\"\",\"publisher\":{\"@id\":\"https:\/\/groupecfc.com\/#organization\"},\"potentialAction\":[{\"@type\":\"SearchAction\",\"target\":{\"@type\":\"EntryPoint\",\"urlTemplate\":\"https:\/\/groupecfc.com\/?s={search_term_string}\"},\"query-input\":{\"@type\":\"PropertyValueSpecification\",\"valueRequired\":true,\"valueName\":\"search_term_string\"}}],\"inLanguage\":\"en-CA\"},{\"@type\":\"Organization\",\"@id\":\"https:\/\/groupecfc.com\/#organization\",\"name\":\"Groupe CFC\",\"url\":\"https:\/\/groupecfc.com\/\",\"logo\":{\"@type\":\"ImageObject\",\"inLanguage\":\"en-CA\",\"@id\":\"https:\/\/groupecfc.com\/#\/schema\/logo\/image\/\",\"url\":\"https:\/\/groupecfc.com\/wp-content\/uploads\/2016\/02\/logo-cfc-couleur-petit.png\",\"contentUrl\":\"https:\/\/groupecfc.com\/wp-content\/uploads\/2016\/02\/logo-cfc-couleur-petit.png\",\"width\":271,\"height\":73,\"caption\":\"Groupe CFC\"},\"image\":{\"@id\":\"https:\/\/groupecfc.com\/#\/schema\/logo\/image\/\"}}]}<\/script>\n<!-- \/ Yoast SEO plugin. -->","yoast_head_json":{"title":"Votre ressource en formation, conseil et accompagnement | Groupe CFC","description":"Groupe CFC vous permet d\u2019optimiser les comp\u00e9tences de vos \u00e9quipes au Qu\u00e9bec : accompagnement-coaching, conseil, formations en classe, e-learning ou sur mesure.","robots":{"index":"index","follow":"follow","max-snippet":"max-snippet:-1","max-image-preview":"max-image-preview:large","max-video-preview":"max-video-preview:-1"},"canonical":"http:\/\/groupecfc.com\/a-propos\/","og_locale":"en_US","og_type":"article","og_title":"Votre ressource en formation, conseil et accompagnement | Groupe CFC","og_description":"Groupe CFC vous permet d\u2019optimiser les comp\u00e9tences de vos \u00e9quipes au Qu\u00e9bec : accompagnement-coaching, conseil, formations en classe, e-learning ou sur mesure.","og_url":"http:\/\/groupecfc.com\/a-propos\/","og_site_name":"Groupe CFC","article_modified_time":"2022-04-14T01:50:37+00:00","twitter_card":"summary_large_image","twitter_misc":{"Est. reading time":"3 minutes"},"schema":{"@context":"https:\/\/schema.org","@graph":[{"@type":"WebPage","@id":"http:\/\/groupecfc.com\/a-propos\/","url":"http:\/\/groupecfc.com\/a-propos\/","name":"Votre ressource en formation, conseil et accompagnement | Groupe CFC","isPartOf":{"@id":"https:\/\/groupecfc.com\/#website"},"datePublished":"2017-11-09T21:50:59+00:00","dateModified":"2022-04-14T01:50:37+00:00","description":"Groupe CFC vous permet d\u2019optimiser les comp\u00e9tences de vos \u00e9quipes au Qu\u00e9bec : accompagnement-coaching, conseil, formations en classe, e-learning ou sur mesure.","breadcrumb":{"@id":"http:\/\/groupecfc.com\/a-propos\/#breadcrumb"},"inLanguage":"en-CA","potentialAction":[{"@type":"ReadAction","target":["http:\/\/groupecfc.com\/a-propos\/"]}]},{"@type":"BreadcrumbList","@id":"http:\/\/groupecfc.com\/a-propos\/#breadcrumb","itemListElement":[{"@type":"ListItem","position":1,"name":"Accueil","item":"https:\/\/groupecfc.com\/en\/"},{"@type":"ListItem","position":2,"name":"About"}]},{"@type":"WebSite","@id":"https:\/\/groupecfc.com\/#website","url":"https:\/\/groupecfc.com\/","name":"Groupe CFC","description":"","publisher":{"@id":"https:\/\/groupecfc.com\/#organization"},"potentialAction":[{"@type":"SearchAction","target":{"@type":"EntryPoint","urlTemplate":"https:\/\/groupecfc.com\/?s={search_term_string}"},"query-input":{"@type":"PropertyValueSpecification","valueRequired":true,"valueName":"search_term_string"}}],"inLanguage":"en-CA"},{"@type":"Organization","@id":"https:\/\/groupecfc.com\/#organization","name":"Groupe CFC","url":"https:\/\/groupecfc.com\/","logo":{"@type":"ImageObject","inLanguage":"en-CA","@id":"https:\/\/groupecfc.com\/#\/schema\/logo\/image\/","url":"https:\/\/groupecfc.com\/wp-content\/uploads\/2016\/02\/logo-cfc-couleur-petit.png","contentUrl":"https:\/\/groupecfc.com\/wp-content\/uploads\/2016\/02\/logo-cfc-couleur-petit.png","width":271,"height":73,"caption":"Groupe CFC"},"image":{"@id":"https:\/\/groupecfc.com\/#\/schema\/logo\/image\/"}}]}},"_links":{"self":[{"href":"https:\/\/groupecfc.com\/en\/wp-json\/wp\/v2\/pages\/6661","targetHints":{"allow":["GET"]}}],"collection":[{"href":"https:\/\/groupecfc.com\/en\/wp-json\/wp\/v2\/pages"}],"about":[{"href":"https:\/\/groupecfc.com\/en\/wp-json\/wp\/v2\/types\/page"}],"author":[{"embeddable":true,"href":"https:\/\/groupecfc.com\/en\/wp-json\/wp\/v2\/users\/1"}],"replies":[{"embeddable":true,"href":"https:\/\/groupecfc.com\/en\/wp-json\/wp\/v2\/comments?post=6661"}],"version-history":[{"count":1,"href":"https:\/\/groupecfc.com\/en\/wp-json\/wp\/v2\/pages\/6661\/revisions"}],"predecessor-version":[{"id":37440,"href":"https:\/\/groupecfc.com\/en\/wp-json\/wp\/v2\/pages\/6661\/revisions\/37440"}],"wp:attachment":[{"href":"https:\/\/groupecfc.com\/en\/wp-json\/wp\/v2\/media?parent=6661"}],"curies":[{"name":"wp","href":"https:\/\/api.w.org\/{rel}","templated":true}]}}