{"id":6618,"date":"2017-11-09T15:22:19","date_gmt":"2017-11-09T20:22:19","guid":{"rendered":"https:\/\/groupecfc.com\/consulting\/"},"modified":"2019-08-08T22:28:43","modified_gmt":"2019-08-09T02:28:43","slug":"consulting","status":"publish","type":"page","link":"https:\/\/groupecfc.com\/en\/consulting\/","title":{"rendered":"Consulting"},"content":{"rendered":"<div class=\"wpb-content-wrapper\"><p>[vc_row us_bg_video=&#8221;0&#8243;][vc_column][vc_row_inner][vc_column_inner][vc_column_text]<\/p>\n<h1 class=\"f-bold\">Consulting<\/h1>\n<p>[\/vc_column_text][\/vc_column_inner][\/vc_row_inner][\/vc_column][\/vc_row][vc_row us_bg_video=&#8221;0&#8243;][vc_column][vc_column_text el_class=&#8221;intro&#8221;]Organizations are perpetually changing at an increasing pace. In this context, you are seeking performance levers that will offer the best results and allow you to be more agile based on your organization&#8217;s evolution.<\/p>\n<p>Our team of advisors will provide an outsider&#8217;s look to help you grow your organization&#8217;s capacities. Always personalized and targeting concrete results, our consulting services support you in your organizational changes in the following areas and more:[\/vc_column_text][vc_empty_space][vc_tta_accordion][vc_tta_section title=&#8221;Team performance&#8221; tab_id=&#8221;1480436771974-1d0f7c2c-dd87&#8243;][vc_column_text]Team consolidation workshop, team dynamics improvement intervention, analysis of strengths and areas for improvement, work environment diagnosis, civility intervention, harassment investigation, etc.[\/vc_column_text][\/vc_tta_section][vc_tta_section title=&#8221;Individual performance management&#8221; tab_id=&#8221;1480436772238-ac1d30a0-5241&#8243;][vc_column_text]Full development of individual performance management programs, work efficiency diagnosis, performance management analysis, development of annual or continuous performance assessment program, performance procedure, etc.[\/vc_column_text][\/vc_tta_section][vc_tta_section title=&#8221;Strategic planning&#8221; tab_id=&#8221;1480436772060-15dcb7a5-b2c6&#8243;][vc_column_text]Strategic planning support, reflection workshop for management teams, field diagnosis, SWOT analysis, identification of key strategic analysis factors, formulating strategies, participative implementation process, etc.[\/vc_column_text][\/vc_tta_section][vc_tta_section title=&#8221;Transformation and change management&#8221; tab_id=&#8221;1480436772329-6ae620d6-9f07&#8243;][vc_column_text]Support related to the human impacts of change, diagnosis, impact and needs analysis, stakeholder adhesion process, corporate support targeting co-responsibility, specific consulting service for management teams, mass workshop, etc.[\/vc_column_text][\/vc_tta_section][vc_tta_section title=&#8221;Succession and talent management&#8221; tab_id=&#8221;1480436772145-bd64235b-c6a9&#8243;][vc_column_text]Talent identification support or development, development and retention programs, service for aligning programs to the organization&#8217;s strategic vision, integration of succession management programs with global human resources strategies, development of skills profiles in relation to recruitment, etc.[\/vc_column_text][\/vc_tta_section][vc_tta_section title=&#8221;Training management&#8221; tab_id=&#8221;1488575279890-332253a0-641c&#8221;][vc_column_text]Support developing a skills development practice, implementing a training department, developing skills profiles, training programs and products, etc.[\/vc_column_text][\/vc_tta_section][\/vc_tta_accordion]<div class=\" vc_custom_1565317721333 ubtn-ctn-left cfc-btn\"><a class=\"ubtn-link ult-adjust-bottom-margin ubtn-left ubtn-small cfc-btn\" href=\"https:\/\/groupecfc.com\/en\/contact-us\/\" title=\"Contact Us\" ><button type=\"button\" id=\"ubtn-1645\"  class=\"ubtn ult-adjust-bottom-margin ult-responsive ubtn-small ubtn-no-hover-bg  none  ubtn-left   tooltip-69e1aac1843ed\"  data-hover=\"\" data-border-color=\"\" data-bg=\"#193780\" data-hover-bg=\"\" data-border-hover=\"\" data-shadow-hover=\"\" data-shadow-click=\"none\" data-shadow=\"\" data-shd-shadow=\"\"  data-ultimate-target='#ubtn-1645'  data-responsive-json-new='{\"font-size\":\"desktop:14px;\",\"line-height\":\"\"}'  style=\"font-weight:bold;border:none;background: #193780;color: #ffffff;\"><span class=\"ubtn-hover\" style=\"background-color:\"><\/span><span class=\"ubtn-data ubtn-text \" >CONTACT US<\/span><\/button><\/a><\/div>[vc_empty_space height=&#8221;60px&#8221;][\/vc_column][\/vc_row]<\/p>\n<\/div>","protected":false},"excerpt":{"rendered":"<p>[vc_row us_bg_video=&#8221;0&#8243;][vc_column][vc_row_inner][vc_column_inner][vc_column_text] Consulting [\/vc_column_text][\/vc_column_inner][\/vc_row_inner][\/vc_column][\/vc_row][vc_row us_bg_video=&#8221;0&#8243;][vc_column][vc_column_text el_class=&#8221;intro&#8221;]Organizations are perpetually changing at an increasing pace. In this context, you are seeking performance levers that will offer the best results and allow you to be more agile based on your organization&#8217;s evolution. Our team of advisors will provide an outsider&#8217;s look to help you grow your organization&#8217;s capacities.&hellip;<\/p>\n","protected":false},"author":1,"featured_media":0,"parent":0,"menu_order":0,"comment_status":"closed","ping_status":"closed","template":"","meta":{"_acf_changed":false,"footnotes":""},"class_list":["post-6618","page","type-page","status-publish","hentry","description-off"],"acf":[],"yoast_head":"<!-- This site is optimized with the Yoast SEO plugin v26.9 - https:\/\/yoast.com\/product\/yoast-seo-wordpress\/ -->\n<title>Consulting services - CFC group<\/title>\n<meta name=\"description\" content=\"Les services-conseils CFC vous aideront \u00e0 am\u00e9liorer la performance de vos \u00e9quipes, ainsi que la gestion des talents et du changement au sein de votre entreprise\" \/>\n<meta name=\"robots\" content=\"index, follow, max-snippet:-1, max-image-preview:large, max-video-preview:-1\" \/>\n<link rel=\"canonical\" href=\"http:\/\/groupecfc.com\/en\/consulting\/\" \/>\n<meta property=\"og:locale\" content=\"en_US\" \/>\n<meta property=\"og:type\" content=\"article\" \/>\n<meta property=\"og:title\" content=\"Consulting services - CFC group\" \/>\n<meta property=\"og:description\" content=\"Les services-conseils CFC vous aideront \u00e0 am\u00e9liorer la performance de vos \u00e9quipes, ainsi que la gestion des talents et du changement au sein de votre entreprise\" \/>\n<meta property=\"og:url\" content=\"http:\/\/groupecfc.com\/en\/consulting\/\" \/>\n<meta property=\"og:site_name\" content=\"Groupe CFC\" \/>\n<meta property=\"article:modified_time\" content=\"2019-08-09T02:28:43+00:00\" \/>\n<meta name=\"twitter:card\" content=\"summary_large_image\" \/>\n<meta name=\"twitter:label1\" content=\"Est. reading time\" \/>\n\t<meta name=\"twitter:data1\" content=\"2 minutes\" \/>\n<script type=\"application\/ld+json\" class=\"yoast-schema-graph\">{\"@context\":\"https:\/\/schema.org\",\"@graph\":[{\"@type\":\"WebPage\",\"@id\":\"http:\/\/groupecfc.com\/en\/consulting\/\",\"url\":\"http:\/\/groupecfc.com\/en\/consulting\/\",\"name\":\"Consulting services - CFC group\",\"isPartOf\":{\"@id\":\"https:\/\/groupecfc.com\/#website\"},\"datePublished\":\"2017-11-09T20:22:19+00:00\",\"dateModified\":\"2019-08-09T02:28:43+00:00\",\"description\":\"Les services-conseils CFC vous aideront \u00e0 am\u00e9liorer la performance de vos \u00e9quipes, ainsi que la gestion des talents et du changement au sein de votre entreprise\",\"breadcrumb\":{\"@id\":\"http:\/\/groupecfc.com\/en\/consulting\/#breadcrumb\"},\"inLanguage\":\"en-CA\",\"potentialAction\":[{\"@type\":\"ReadAction\",\"target\":[\"http:\/\/groupecfc.com\/en\/consulting\/\"]}]},{\"@type\":\"BreadcrumbList\",\"@id\":\"http:\/\/groupecfc.com\/en\/consulting\/#breadcrumb\",\"itemListElement\":[{\"@type\":\"ListItem\",\"position\":1,\"name\":\"Accueil\",\"item\":\"https:\/\/groupecfc.com\/en\/\"},{\"@type\":\"ListItem\",\"position\":2,\"name\":\"Consulting\"}]},{\"@type\":\"WebSite\",\"@id\":\"https:\/\/groupecfc.com\/#website\",\"url\":\"https:\/\/groupecfc.com\/\",\"name\":\"Groupe CFC\",\"description\":\"\",\"publisher\":{\"@id\":\"https:\/\/groupecfc.com\/#organization\"},\"potentialAction\":[{\"@type\":\"SearchAction\",\"target\":{\"@type\":\"EntryPoint\",\"urlTemplate\":\"https:\/\/groupecfc.com\/?s={search_term_string}\"},\"query-input\":{\"@type\":\"PropertyValueSpecification\",\"valueRequired\":true,\"valueName\":\"search_term_string\"}}],\"inLanguage\":\"en-CA\"},{\"@type\":\"Organization\",\"@id\":\"https:\/\/groupecfc.com\/#organization\",\"name\":\"Groupe CFC\",\"url\":\"https:\/\/groupecfc.com\/\",\"logo\":{\"@type\":\"ImageObject\",\"inLanguage\":\"en-CA\",\"@id\":\"https:\/\/groupecfc.com\/#\/schema\/logo\/image\/\",\"url\":\"https:\/\/groupecfc.com\/wp-content\/uploads\/2016\/02\/logo-cfc-couleur-petit.png\",\"contentUrl\":\"https:\/\/groupecfc.com\/wp-content\/uploads\/2016\/02\/logo-cfc-couleur-petit.png\",\"width\":271,\"height\":73,\"caption\":\"Groupe CFC\"},\"image\":{\"@id\":\"https:\/\/groupecfc.com\/#\/schema\/logo\/image\/\"}}]}<\/script>\n<!-- \/ Yoast SEO plugin. -->","yoast_head_json":{"title":"Consulting services - CFC group","description":"Les services-conseils CFC vous aideront \u00e0 am\u00e9liorer la performance de vos \u00e9quipes, ainsi que la gestion des talents et du changement au sein de votre entreprise","robots":{"index":"index","follow":"follow","max-snippet":"max-snippet:-1","max-image-preview":"max-image-preview:large","max-video-preview":"max-video-preview:-1"},"canonical":"http:\/\/groupecfc.com\/en\/consulting\/","og_locale":"en_US","og_type":"article","og_title":"Consulting services - CFC group","og_description":"Les services-conseils CFC vous aideront \u00e0 am\u00e9liorer la performance de vos \u00e9quipes, ainsi que la gestion des talents et du changement au sein de votre entreprise","og_url":"http:\/\/groupecfc.com\/en\/consulting\/","og_site_name":"Groupe CFC","article_modified_time":"2019-08-09T02:28:43+00:00","twitter_card":"summary_large_image","twitter_misc":{"Est. reading time":"2 minutes"},"schema":{"@context":"https:\/\/schema.org","@graph":[{"@type":"WebPage","@id":"http:\/\/groupecfc.com\/en\/consulting\/","url":"http:\/\/groupecfc.com\/en\/consulting\/","name":"Consulting services - CFC group","isPartOf":{"@id":"https:\/\/groupecfc.com\/#website"},"datePublished":"2017-11-09T20:22:19+00:00","dateModified":"2019-08-09T02:28:43+00:00","description":"Les services-conseils CFC vous aideront \u00e0 am\u00e9liorer la performance de vos \u00e9quipes, ainsi que la gestion des talents et du changement au sein de votre entreprise","breadcrumb":{"@id":"http:\/\/groupecfc.com\/en\/consulting\/#breadcrumb"},"inLanguage":"en-CA","potentialAction":[{"@type":"ReadAction","target":["http:\/\/groupecfc.com\/en\/consulting\/"]}]},{"@type":"BreadcrumbList","@id":"http:\/\/groupecfc.com\/en\/consulting\/#breadcrumb","itemListElement":[{"@type":"ListItem","position":1,"name":"Accueil","item":"https:\/\/groupecfc.com\/en\/"},{"@type":"ListItem","position":2,"name":"Consulting"}]},{"@type":"WebSite","@id":"https:\/\/groupecfc.com\/#website","url":"https:\/\/groupecfc.com\/","name":"Groupe CFC","description":"","publisher":{"@id":"https:\/\/groupecfc.com\/#organization"},"potentialAction":[{"@type":"SearchAction","target":{"@type":"EntryPoint","urlTemplate":"https:\/\/groupecfc.com\/?s={search_term_string}"},"query-input":{"@type":"PropertyValueSpecification","valueRequired":true,"valueName":"search_term_string"}}],"inLanguage":"en-CA"},{"@type":"Organization","@id":"https:\/\/groupecfc.com\/#organization","name":"Groupe CFC","url":"https:\/\/groupecfc.com\/","logo":{"@type":"ImageObject","inLanguage":"en-CA","@id":"https:\/\/groupecfc.com\/#\/schema\/logo\/image\/","url":"https:\/\/groupecfc.com\/wp-content\/uploads\/2016\/02\/logo-cfc-couleur-petit.png","contentUrl":"https:\/\/groupecfc.com\/wp-content\/uploads\/2016\/02\/logo-cfc-couleur-petit.png","width":271,"height":73,"caption":"Groupe CFC"},"image":{"@id":"https:\/\/groupecfc.com\/#\/schema\/logo\/image\/"}}]}},"_links":{"self":[{"href":"https:\/\/groupecfc.com\/en\/wp-json\/wp\/v2\/pages\/6618","targetHints":{"allow":["GET"]}}],"collection":[{"href":"https:\/\/groupecfc.com\/en\/wp-json\/wp\/v2\/pages"}],"about":[{"href":"https:\/\/groupecfc.com\/en\/wp-json\/wp\/v2\/types\/page"}],"author":[{"embeddable":true,"href":"https:\/\/groupecfc.com\/en\/wp-json\/wp\/v2\/users\/1"}],"replies":[{"embeddable":true,"href":"https:\/\/groupecfc.com\/en\/wp-json\/wp\/v2\/comments?post=6618"}],"version-history":[{"count":0,"href":"https:\/\/groupecfc.com\/en\/wp-json\/wp\/v2\/pages\/6618\/revisions"}],"wp:attachment":[{"href":"https:\/\/groupecfc.com\/en\/wp-json\/wp\/v2\/media?parent=6618"}],"curies":[{"name":"wp","href":"https:\/\/api.w.org\/{rel}","templated":true}]}}